{"id":919,"date":"2018-11-05T08:56:53","date_gmt":"2018-11-05T08:56:53","guid":{"rendered":"https:\/\/www.radiustheme.com\/demo\/wordpress\/themes\/classima\/?page_id=919"},"modified":"2025-05-09T18:31:04","modified_gmt":"2025-05-09T18:31:04","slug":"about-us","status":"publish","type":"page","link":"https:\/\/webebx.com.br\/pt_br\/about-us\/","title":{"rendered":"Termos de servi\u00e7o"},"content":{"rendered":"\t\t<div data-elementor-type=\"wp-page\" data-elementor-id=\"919\" class=\"elementor elementor-919\">\n\t\t\t\t\t\t<section class=\"elementor-section elementor-top-section elementor-element elementor-element-2af8600 elementor-section-boxed elementor-section-height-default elementor-section-height-default rt-parallax-bg-no\" data-id=\"2af8600\" data-element_type=\"section\" data-e-type=\"section\">\n\t\t\t\t\t\t<div class=\"elementor-container elementor-column-gap-default\">\n\t\t\t\t\t<div class=\"elementor-column elementor-col-50 elementor-top-column elementor-element elementor-element-be6bd06\" data-id=\"be6bd06\" data-element_type=\"column\" data-e-type=\"column\">\n\t\t\t<div class=\"elementor-widget-wrap elementor-element-populated\">\n\t\t\t\t\t\t<div class=\"elementor-element elementor-element-4dd5ff7 elementor-widget elementor-widget-text-editor\" data-id=\"4dd5ff7\" data-element_type=\"widget\" data-e-type=\"widget\" data-widget_type=\"text-editor.default\">\n\t\t\t\t<div class=\"elementor-widget-container\">\n\t\t\t\t\t\t\t\t\t<h2>Sobre n\u00f3s<\/h2><p>Somos uma nova plataforma de an\u00fancios, classificados para voc\u00ea vender, desfazer ou desapegar do seu itens, com a possibilidade de diversas pessoas estarem encontrando seu an\u00fancio e possivelmente dar em um bom negocio.<\/p><p>Anunciantes s\u00e3o totalmente respons\u00e1veis pelo item anunciado, nos n\u00e3o nos responsabilizamos por nenhum item vendido, e sim pedimos que quando for ver, veja e reveja nas fotos, fale diretamente com o vendedor, pois ele sim \u00e9 respons\u00e1vel pela venda do seu item.<\/p><p>Compre novo e usado \u00e9 na WEB\u00a0 EBX.<\/p>\t\t\t\t\t\t\t\t<\/div>\n\t\t\t\t<\/div>\n\t\t\t\t<div class=\"elementor-element elementor-element-5970e61 elementor-widget elementor-widget-text-editor\" data-id=\"5970e61\" data-element_type=\"widget\" data-e-type=\"widget\" data-widget_type=\"text-editor.default\">\n\t\t\t\t<div class=\"elementor-widget-container\">\n\t\t\t\t\t\t\t\t\t<h2 class=\"tw-data-text tw-text-large tw-ta\" dir=\"ltr\" data-placeholder=\"Tradu\u00e7\u00e3o\" data-ved=\"2ahUKEwiuwPXk2pONAxUSr5UCHTfkAccQ3ewLegQICRAV\" aria-label=\"Texto traduzido: O que fazemos\">O que fazemos?<\/h2><p>Somos a WEB EBX e viemos para facilitar a sua venda e a divulga\u00e7\u00e3o do seu produto, anunciando na nossa plataforma voc\u00ea ter\u00e1 chance de vender seu item que voc\u00ea n\u00e3o deseja mais.<\/p><pre id=\"tw-target-text\" class=\"tw-data-text tw-text-large tw-ta\" dir=\"ltr\" data-placeholder=\"Tradu\u00e7\u00e3o\" data-ved=\"2ahUKEwiuwPXk2pONAxUSr5UCHTfkAccQ3ewLegQICRAV\" aria-label=\"Texto traduzido: O que fazemos\">\u00a0<\/pre>\t\t\t\t\t\t\t\t<\/div>\n\t\t\t\t<\/div>\n\t\t\t\t\t<\/div>\n\t\t<\/div>\n\t\t\t\t<div class=\"elementor-column elementor-col-50 elementor-top-column elementor-element elementor-element-0047368\" data-id=\"0047368\" data-element_type=\"column\" data-e-type=\"column\">\n\t\t\t<div class=\"elementor-widget-wrap elementor-element-populated\">\n\t\t\t\t\t\t<div class=\"elementor-element elementor-element-514e4f6 elementor-widget elementor-widget-image\" data-id=\"514e4f6\" data-element_type=\"widget\" data-e-type=\"widget\" data-widget_type=\"image.default\">\n\t\t\t\t<div class=\"elementor-widget-container\">\n\t\t\t\t\t\t\t\t\t\t\t\t\t\t\t<img fetchpriority=\"high\" decoding=\"async\" width=\"612\" height=\"409\" src=\"https:\/\/webebx.com.br\/wp-content\/uploads\/2025\/05\/istockphoto-597261528-612x612-1.jpg\" class=\"attachment-medium_large size-medium_large wp-image-3279\" alt=\"\" srcset=\"https:\/\/webebx.com.br\/wp-content\/uploads\/2025\/05\/istockphoto-597261528-612x612-1.jpg 612w, https:\/\/webebx.com.br\/wp-content\/uploads\/2025\/05\/istockphoto-597261528-612x612-1-300x200.jpg 300w, https:\/\/webebx.com.br\/wp-content\/uploads\/2025\/05\/istockphoto-597261528-612x612-1-18x12.jpg 18w, https:\/\/webebx.com.br\/wp-content\/uploads\/2025\/05\/istockphoto-597261528-612x612-1-180x120.jpg 180w, https:\/\/webebx.com.br\/wp-content\/uploads\/2025\/05\/istockphoto-597261528-612x612-1-600x401.jpg 600w\" sizes=\"(max-width: 612px) 100vw, 612px\" title=\"shiny car for sale in summer weather, parked with a red vibrant color exterior.\" \/>\t\t\t\t\t\t\t\t\t\t\t\t\t\t\t<\/div>\n\t\t\t\t<\/div>\n\t\t\t\t\t<\/div>\n\t\t<\/div>\n\t\t\t\t\t<\/div>\n\t\t<\/section>\n\t\t\t\t<section class=\"elementor-section elementor-top-section elementor-element elementor-element-5805e8d elementor-section-boxed elementor-section-height-default elementor-section-height-default rt-parallax-bg-no\" data-id=\"5805e8d\" data-element_type=\"section\" data-e-type=\"section\" data-settings=\"{&quot;background_background&quot;:&quot;classic&quot;}\">\n\t\t\t\t\t\t<div class=\"elementor-container elementor-column-gap-default\">\n\t\t\t\t\t<div class=\"elementor-column elementor-col-100 elementor-top-column elementor-element elementor-element-f8e8ecd\" data-id=\"f8e8ecd\" data-element_type=\"column\" data-e-type=\"column\">\n\t\t\t<div class=\"elementor-widget-wrap elementor-element-populated\">\n\t\t\t\t\t\t<div class=\"elementor-element elementor-element-87e171b elementor-widget elementor-widget-rt-title\" data-id=\"87e171b\" data-element_type=\"widget\" data-e-type=\"widget\" data-widget_type=\"rt-title.default\">\n\t\t\t\t<div class=\"elementor-widget-container\">\n\t\t\t\t\t<div class=\"rt-el-title rtin-style-1\">\r\n\t<h2 class=\"rtin-title\">Como funciona<\/h2>\r\n\t<\/div>\t\t\t\t<\/div>\n\t\t\t\t<\/div>\n\t\t\t\t<section class=\"elementor-section elementor-inner-section elementor-element elementor-element-523875b elementor-section-boxed elementor-section-height-default elementor-section-height-default rt-parallax-bg-no\" data-id=\"523875b\" data-element_type=\"section\" data-e-type=\"section\">\n\t\t\t\t\t\t<div class=\"elementor-container elementor-column-gap-default\">\n\t\t\t\t\t<div class=\"elementor-column elementor-col-25 elementor-inner-column elementor-element elementor-element-53e6a8a\" data-id=\"53e6a8a\" data-element_type=\"column\" data-e-type=\"column\">\n\t\t\t<div class=\"elementor-widget-wrap elementor-element-populated\">\n\t\t\t\t\t\t<div class=\"elementor-element elementor-element-e29c25e elementor-widget elementor-widget-rt-info-box\" data-id=\"e29c25e\" data-element_type=\"widget\" data-e-type=\"widget\" data-widget_type=\"rt-info-box.default\">\n\t\t\t\t<div class=\"elementor-widget-container\">\n\t\t\t\t\t\r\n\r\n    <div class=\"rt-el-info-box\">\r\n        <div class=\"rtin-icon\"><i class=\"fa fa-user\" aria-hidden=\"true\"><\/i><\/div>\r\n        <div class=\"rtin-content\">\r\n            <h3 class=\"rtin-title\">Criar conta<\/h3>\r\n                            <p class=\"rtin-text\">Cria sua conta para ter acesso completo na plataforma e come\u00e7ar a divulga an\u00fancios<\/p>\r\n                    <\/div>\r\n    <\/div>\r\n\r\n\t\t\t\t<\/div>\n\t\t\t\t<\/div>\n\t\t\t\t\t<\/div>\n\t\t<\/div>\n\t\t\t\t<div class=\"elementor-column elementor-col-25 elementor-inner-column elementor-element elementor-element-6b2a9c7\" data-id=\"6b2a9c7\" data-element_type=\"column\" data-e-type=\"column\">\n\t\t\t<div class=\"elementor-widget-wrap elementor-element-populated\">\n\t\t\t\t\t\t<div class=\"elementor-element elementor-element-37c907f elementor-widget elementor-widget-rt-info-box\" data-id=\"37c907f\" data-element_type=\"widget\" data-e-type=\"widget\" data-widget_type=\"rt-info-box.default\">\n\t\t\t\t<div class=\"elementor-widget-container\">\n\t\t\t\t\t\r\n\r\n    <div class=\"rt-el-info-box\">\r\n        <div class=\"rtin-icon\"><i class=\"fa fa-eraser\" aria-hidden=\"true\"><\/i><\/div>\r\n        <div class=\"rtin-content\">\r\n            <h3 class=\"rtin-title\">Poste seu an\u00fancio<\/h3>\r\n                            <p class=\"rtin-text\">Postando seu an\u00fancio na plataforma voc\u00ea vai estar divulgando seu produto para uma grande diversidade de p\u00fablicos e pessoas interessadas<\/p>\r\n                    <\/div>\r\n    <\/div>\r\n\r\n\t\t\t\t<\/div>\n\t\t\t\t<\/div>\n\t\t\t\t\t<\/div>\n\t\t<\/div>\n\t\t\t\t<div class=\"elementor-column elementor-col-25 elementor-inner-column elementor-element elementor-element-f849458\" data-id=\"f849458\" data-element_type=\"column\" data-e-type=\"column\">\n\t\t\t<div class=\"elementor-widget-wrap elementor-element-populated\">\n\t\t\t\t\t\t<div class=\"elementor-element elementor-element-75a6434 elementor-widget elementor-widget-rt-info-box\" data-id=\"75a6434\" data-element_type=\"widget\" data-e-type=\"widget\" data-widget_type=\"rt-info-box.default\">\n\t\t\t\t<div class=\"elementor-widget-container\">\n\t\t\t\t\t\r\n\r\n    <div class=\"rt-el-info-box\">\r\n        <div class=\"rtin-icon\"><i class=\"fa fa-volume-up\" aria-hidden=\"true\"><\/i><\/div>\r\n        <div class=\"rtin-content\">\r\n            <h3 class=\"rtin-title\">Receba ofertas<\/h3>\r\n                            <p class=\"rtin-text\">Receba ofertas no seus an\u00fancios, poder\u00e1 estar respondendo via chat, e acesso diretamente com um poss\u00edvel comprador interessado<\/p>\r\n                    <\/div>\r\n    <\/div>\r\n\r\n\t\t\t\t<\/div>\n\t\t\t\t<\/div>\n\t\t\t\t\t<\/div>\n\t\t<\/div>\n\t\t\t\t<div class=\"elementor-column elementor-col-25 elementor-inner-column elementor-element elementor-element-daff55c\" data-id=\"daff55c\" data-element_type=\"column\" data-e-type=\"column\">\n\t\t\t<div class=\"elementor-widget-wrap elementor-element-populated\">\n\t\t\t\t\t\t<div class=\"elementor-element elementor-element-9549623 elementor-widget elementor-widget-rt-info-box\" data-id=\"9549623\" data-element_type=\"widget\" data-e-type=\"widget\" data-widget_type=\"rt-info-box.default\">\n\t\t\t\t<div class=\"elementor-widget-container\">\n\t\t\t\t\t\r\n\r\n    <div class=\"rt-el-info-box\">\r\n        <div class=\"rtin-icon\"><i class=\"fa fa-magic\" aria-hidden=\"true\"><\/i><\/div>\r\n        <div class=\"rtin-content\">\r\n            <h3 class=\"rtin-title\">Venda seu item<\/h3>\r\n                            <p class=\"rtin-text\">Com acesso a nossa plataforma, seu item ser\u00e1 divulgado e poder\u00e1 ser encontrado nos itens de pesquisa e tamb\u00e9m divulgado na nossa plataforma de an\u00fancios <\/p>\r\n                    <\/div>\r\n    <\/div>\r\n\r\n\t\t\t\t<\/div>\n\t\t\t\t<\/div>\n\t\t\t\t\t<\/div>\n\t\t<\/div>\n\t\t\t\t\t<\/div>\n\t\t<\/section>\n\t\t\t\t\t<\/div>\n\t\t<\/div>\n\t\t\t\t\t<\/div>\n\t\t<\/section>\n\t\t\t\t<div class=\"elementor-section elementor-top-section elementor-element elementor-element-d343a90 elementor-section-boxed elementor-section-height-default elementor-section-height-default rt-parallax-bg-no\" data-id=\"d343a90\" data-element_type=\"section\" data-e-type=\"section\" data-settings=\"{&quot;background_background&quot;:&quot;classic&quot;}\">\n\t\t\t\t\t\t<div class=\"elementor-container elementor-column-gap-default\">\n\t\t\t\t\t<div class=\"elementor-column elementor-col-100 elementor-top-column elementor-element elementor-element-1f5e9b1\" data-id=\"1f5e9b1\" data-element_type=\"column\" data-e-type=\"column\">\n\t\t\t<div class=\"elementor-widget-wrap\">\n\t\t\t\t\t\t\t<\/div>\n\t\t<\/div>\n\t\t\t\t\t<\/div>\n\t\t<\/div>\n\t\t\t\t<div class=\"elementor-section elementor-top-section elementor-element elementor-element-b883bb1 elementor-section-boxed elementor-section-height-default elementor-section-height-default rt-parallax-bg-no\" data-id=\"b883bb1\" data-element_type=\"section\" data-e-type=\"section\" data-settings=\"{&quot;background_background&quot;:&quot;classic&quot;}\">\n\t\t\t\t\t\t<div class=\"elementor-container elementor-column-gap-default\">\n\t\t\t\t\t<div class=\"elementor-column elementor-col-100 elementor-top-column elementor-element elementor-element-cabd325\" data-id=\"cabd325\" data-element_type=\"column\" data-e-type=\"column\">\n\t\t\t<div class=\"elementor-widget-wrap elementor-element-populated\">\n\t\t\t\t\t\t<div class=\"elementor-element elementor-element-97ca78e elementor-widget elementor-widget-image-carousel\" data-id=\"97ca78e\" data-element_type=\"widget\" data-e-type=\"widget\" data-settings=\"{&quot;slides_to_show&quot;:&quot;4&quot;,&quot;slides_to_scroll&quot;:&quot;1&quot;,&quot;navigation&quot;:&quot;none&quot;,&quot;autoplay&quot;:&quot;yes&quot;,&quot;pause_on_hover&quot;:&quot;yes&quot;,&quot;pause_on_interaction&quot;:&quot;yes&quot;,&quot;autoplay_speed&quot;:5000,&quot;infinite&quot;:&quot;yes&quot;,&quot;speed&quot;:500}\" data-widget_type=\"image-carousel.default\">\n\t\t\t\t<div class=\"elementor-widget-container\">\n\t\t\t\t\t\t\t<div class=\"elementor-image-carousel-wrapper swiper\" role=\"region\" aria-roledescription=\"carousel\" aria-label=\"Image Carousel\" dir=\"ltr\">\n\t\t\t<div class=\"elementor-image-carousel swiper-wrapper\" aria-live=\"off\">\n\t\t\t\t\t\t\t\t<div class=\"swiper-slide\" role=\"group\" aria-roledescription=\"slide\" aria-label=\"1 of 5\"><figure class=\"swiper-slide-inner\"><img decoding=\"async\" class=\"swiper-slide-image\" src=\"https:\/\/webebx.com.br\/wp-content\/uploads\/elementor\/thumbs\/1-r5f52t8lkv8awzekcsff0ulzxofkn5knss9moqtzzi.jpg\" alt=\"1\" \/><\/figure><\/div><div class=\"swiper-slide\" role=\"group\" aria-roledescription=\"slide\" aria-label=\"2 of 5\"><figure class=\"swiper-slide-inner\"><img decoding=\"async\" class=\"swiper-slide-image\" src=\"https:\/\/webebx.com.br\/wp-content\/uploads\/elementor\/thumbs\/6-r5f52v49yjavk7bu1t8o5u4x4g6b2js4h1klnar7n2.jpg\" alt=\"6\" \/><\/figure><\/div><div class=\"swiper-slide\" role=\"group\" aria-roledescription=\"slide\" aria-label=\"3 of 5\"><figure class=\"swiper-slide-inner\"><img decoding=\"async\" class=\"swiper-slide-image\" src=\"https:\/\/webebx.com.br\/wp-content\/uploads\/elementor\/thumbs\/2-r5f52t8lkv8awzekcsff0ulzxofkn5knss9moqtzzi.jpg\" alt=\"2\" \/><\/figure><\/div><div class=\"swiper-slide\" role=\"group\" aria-roledescription=\"slide\" aria-label=\"4 of 5\"><figure class=\"swiper-slide-inner\"><img decoding=\"async\" class=\"swiper-slide-image\" src=\"https:\/\/webebx.com.br\/wp-content\/uploads\/elementor\/thumbs\/3-r5f52u6frp9l8ld77au1lcdgj2axuuoe4wx460slta.jpg\" alt=\"3\" \/><\/figure><\/div><div class=\"swiper-slide\" role=\"group\" aria-roledescription=\"slide\" aria-label=\"5 of 5\"><figure class=\"swiper-slide-inner\"><img decoding=\"async\" class=\"swiper-slide-image\" src=\"https:\/\/webebx.com.br\/wp-content\/uploads\/elementor\/thumbs\/4-1-r5f52v49yjavk7bu1t8o5u4x4g6b2js4h1klnar7n2.jpg\" alt=\"4-1\" \/><\/figure><\/div>\t\t\t<\/div>\n\t\t\t\t\t\t\t\n\t\t\t\t\t\t\t\t\t<\/div>\n\t\t\t\t\t\t<\/div>\n\t\t\t\t<\/div>\n\t\t\t\t\t<\/div>\n\t\t<\/div>\n\t\t\t\t\t<\/div>\n\t\t<\/div>\n\t\t\t\t<\/div>\n\t\t","protected":false},"excerpt":{"rendered":"<p>Sobre n\u00f3s Somos uma nova plataforma de an\u00fancios, classificados para voc\u00ea vender, desfazer ou desapegar do seu itens, com a possibilidade de diversas pessoas estarem encontrando seu an\u00fancio e possivelmente dar em um bom negocio. Anunciantes s\u00e3o totalmente respons\u00e1veis pelo item anunciado, nos n\u00e3o nos responsabilizamos por nenhum item vendido, e sim pedimos que quando<\/p>\n","protected":false},"author":1,"featured_media":0,"parent":0,"menu_order":0,"comment_status":"closed","ping_status":"closed","template":"templates\/blank.php","meta":{"_monsterinsights_skip_tracking":false,"_monsterinsights_sitenote_active":false,"_monsterinsights_sitenote_note":"","_monsterinsights_sitenote_category":0,"_rtcl_gb_attr":"","footnotes":""},"class_list":["post-919","page","type-page","status-publish","hentry"],"aioseo_notices":[],"_links":{"self":[{"href":"https:\/\/webebx.com.br\/pt_br\/wp-json\/wp\/v2\/pages\/919","targetHints":{"allow":["GET"]}}],"collection":[{"href":"https:\/\/webebx.com.br\/pt_br\/wp-json\/wp\/v2\/pages"}],"about":[{"href":"https:\/\/webebx.com.br\/pt_br\/wp-json\/wp\/v2\/types\/page"}],"author":[{"embeddable":true,"href":"https:\/\/webebx.com.br\/pt_br\/wp-json\/wp\/v2\/users\/1"}],"replies":[{"embeddable":true,"href":"https:\/\/webebx.com.br\/pt_br\/wp-json\/wp\/v2\/comments?post=919"}],"version-history":[{"count":33,"href":"https:\/\/webebx.com.br\/pt_br\/wp-json\/wp\/v2\/pages\/919\/revisions"}],"predecessor-version":[{"id":3282,"href":"https:\/\/webebx.com.br\/pt_br\/wp-json\/wp\/v2\/pages\/919\/revisions\/3282"}],"wp:attachment":[{"href":"https:\/\/webebx.com.br\/pt_br\/wp-json\/wp\/v2\/media?parent=919"}],"curies":[{"name":"wp","href":"https:\/\/api.w.org\/{rel}","templated":true}]}}