{"id":341,"date":"2018-08-28T08:09:10","date_gmt":"2018-08-28T08:09:10","guid":{"rendered":"https:\/\/www.radiustheme.com\/demo\/wordpress\/themes\/classima\/?page_id=341"},"modified":"2025-05-09T18:04:49","modified_gmt":"2025-05-09T18:04:49","slug":"faq","status":"publish","type":"page","link":"https:\/\/webebx.com.br\/pt_br\/faq\/","title":{"rendered":"FAQ"},"content":{"rendered":"\t\t<div data-elementor-type=\"wp-post\" data-elementor-id=\"341\" class=\"elementor elementor-341\">\n\t\t\t\t\t\t<div class=\"elementor-section elementor-top-section elementor-element elementor-element-1792e3e elementor-section-boxed elementor-section-height-default elementor-section-height-default rt-parallax-bg-no\" data-id=\"1792e3e\" data-element_type=\"section\" data-e-type=\"section\">\n\t\t\t\t\t\t<div class=\"elementor-container elementor-column-gap-default\">\n\t\t\t\t\t<div class=\"elementor-column elementor-col-100 elementor-top-column elementor-element elementor-element-2eb78f4\" data-id=\"2eb78f4\" data-element_type=\"column\" data-e-type=\"column\">\n\t\t\t<div class=\"elementor-widget-wrap elementor-element-populated\">\n\t\t\t\t\t\t<div class=\"elementor-element elementor-element-201b6aa elementor-widget elementor-widget-heading\" data-id=\"201b6aa\" data-element_type=\"widget\" data-e-type=\"widget\" data-widget_type=\"heading.default\">\n\t\t\t\t<div class=\"elementor-widget-container\">\n\t\t\t\t\t<h3 class=\"elementor-heading-title elementor-size-default\">Perguntas mais frequentes<\/h3>\t\t\t\t<\/div>\n\t\t\t\t<\/div>\n\t\t\t\t\t<\/div>\n\t\t<\/div>\n\t\t\t\t\t<\/div>\n\t\t<\/div>\n\t\t\t\t<div class=\"elementor-section elementor-top-section elementor-element elementor-element-f41a756 elementor-section-boxed elementor-section-height-default elementor-section-height-default rt-parallax-bg-no\" data-id=\"f41a756\" data-element_type=\"section\" data-e-type=\"section\">\n\t\t\t\t\t\t<div class=\"elementor-container elementor-column-gap-default\">\n\t\t\t\t\t<div class=\"elementor-column elementor-col-100 elementor-top-column elementor-element elementor-element-1276db5\" data-id=\"1276db5\" data-element_type=\"column\" data-e-type=\"column\">\n\t\t\t<div class=\"elementor-widget-wrap elementor-element-populated\">\n\t\t\t\t\t\t<div class=\"elementor-element elementor-element-56638ba elementor-widget elementor-widget-text-editor\" data-id=\"56638ba\" data-element_type=\"widget\" data-e-type=\"widget\" data-widget_type=\"text-editor.default\">\n\t\t\t\t<div class=\"elementor-widget-container\">\n\t\t\t\t\t\t\t\t\t<p>Maiores informa\u00e7\u00f5es sobre perguntas e d\u00favidas frequentes<\/p>\t\t\t\t\t\t\t\t<\/div>\n\t\t\t\t<\/div>\n\t\t\t\t\t<\/div>\n\t\t<\/div>\n\t\t\t\t\t<\/div>\n\t\t<\/div>\n\t\t\t\t<div class=\"elementor-section elementor-top-section elementor-element elementor-element-78806a9 elementor-section-boxed elementor-section-height-default elementor-section-height-default rt-parallax-bg-no\" data-id=\"78806a9\" data-element_type=\"section\" data-e-type=\"section\">\n\t\t\t\t\t\t<div class=\"elementor-container elementor-column-gap-default\">\n\t\t\t\t\t<div class=\"elementor-column elementor-col-100 elementor-top-column elementor-element elementor-element-2517875\" data-id=\"2517875\" data-element_type=\"column\" data-e-type=\"column\">\n\t\t\t<div class=\"elementor-widget-wrap elementor-element-populated\">\n\t\t\t\t\t\t<div class=\"elementor-element elementor-element-8509ea3 elementor-widget elementor-widget-rt-accordian\" data-id=\"8509ea3\" data-element_type=\"widget\" data-e-type=\"widget\" data-widget_type=\"rt-accordian.default\">\n\t\t\t\t<div class=\"elementor-widget-container\">\n\t\t\t\t\t<div class=\"rt-el-accordian\">\r\n\t<div class=\"accordion\" id=\"u-0-43596400-1777643188\">\r\n\t\t\t\t\t\t\t\t<div class=\"card\">\r\n\t\t\t\t<div class=\"card-header\">\r\n\t\t\t\t\t<a href=\"#\" class=\"collapsed\" data-toggle=\"collapse\" data-target=\"#u-0-43598800-1777643188\" aria-expanded=\"true\"> 1. Comprar um produto<\/a>\r\n\t\t\t\t<\/div>\r\n\t\t\t\t<div id=\"u-0-43598800-1777643188\" class=\"collapse\" data-parent=\"#u-0-43596400-1777643188\">\r\n\t\t\t\t\t<div class=\"card-body\"><pre class=\"tw-data-text tw-text-large tw-ta\" dir=\"ltr\" data-placeholder=\"Tradu\u00e7\u00e3o\" data-ved=\"2ahUKEwiuwPXk2pONAxUSr5UCHTfkAccQ3ewLegQICRAV\" aria-label=\"Texto traduzido: Como Comprar um Produto? Quando um impressor desconhecido pegou uma galera de tipos e a embaralhou para fazer um livro de esp\u00e9cimes de tipos. Ela sobreviveu n\u00e3o apenas a cinco s\u00e9culos, mas tamb\u00e9m ao salto para a composi\u00e7\u00e3o eletr\u00f4nica, permanecendo essencialmente inalterada. Foi popularizada na d\u00e9cada de 1960 com o lan\u00e7amento. Como Obter Suporte ao Produto? Quando um impressor desconhecido pegou uma galera de tipos e a embaralhou para fazer um livro de esp\u00e9cimes de tipos. Ela sobreviveu n\u00e3o apenas a cinco s\u00e9culos, mas tamb\u00e9m ao salto para a composi\u00e7\u00e3o eletr\u00f4nica, permanecendo essencialmente inalterada. Foi popularizada na d\u00e9cada de 1960 com o lan\u00e7amento.\"><span class=\"Y2IQFc\" lang=\"pt\">Como Comprar um Produto?<\/span><\/pre><\/div>\r\n\t\t\t\t<\/div>\r\n\t\t\t<\/div>\r\n\t\t\t\t\t\t\t\t<div class=\"card\">\r\n\t\t\t\t<div class=\"card-header\">\r\n\t\t\t\t\t<a href=\"#\" class=\"collapsed\" data-toggle=\"collapse\" data-target=\"#u-0-43660100-1777643188\" aria-expanded=\"true\"> 2. Vender um produto<\/a>\r\n\t\t\t\t<\/div>\r\n\t\t\t\t<div id=\"u-0-43660100-1777643188\" class=\"collapse\" data-parent=\"#u-0-43596400-1777643188\">\r\n\t\t\t\t\t<div class=\"card-body\"><h4>How To Buy A Product?<\/h4><p>When an unknown printer took a galley of type and scrambled it to make a type specimen book. It has survived not only five centurbut also survived but also the leap into electronic typesetting, remaining essentially unchanged. It was popularised in the 1960s with the releas survived not raseth leap into electronic typesetting, remaining essentially unchanged.<\/p><h4>How To Get Product Support?<\/h4><p>When an unknown printer took a galley of type and scrambled it to make a type specimen book. It has survived not only five centurbut also survived but also the leap into electronic typesetting, remaining essentially unchanged. It was popularised in the 1960s with the releas survived not raseth leap into electronic typesetting, remaining essentially unchanged.<\/p><\/div>\r\n\t\t\t\t<\/div>\r\n\t\t\t<\/div>\r\n\t\t\t\t\t\t\t\t<div class=\"card\">\r\n\t\t\t\t<div class=\"card-header\">\r\n\t\t\t\t\t<a href=\"#\" class=\"collapsed\" data-toggle=\"collapse\" data-target=\"#u-0-43678500-1777643188\" aria-expanded=\"true\"> 3. Seguran\u00e7a<\/a>\r\n\t\t\t\t<\/div>\r\n\t\t\t\t<div id=\"u-0-43678500-1777643188\" class=\"collapse\" data-parent=\"#u-0-43596400-1777643188\">\r\n\t\t\t\t\t<div class=\"card-body\"><h4>How To Buy A Product?<\/h4><p>When an unknown printer took a galley of type and scrambled it to make a type specimen book. It has survived not only five centurbut also survived but also the leap into electronic typesetting, remaining essentially unchanged. It was popularised in the 1960s with the releas survived not raseth leap into electronic typesetting, remaining essentially unchanged.<\/p><h4>How To Get Product Support?<\/h4><p>When an unknown printer took a galley of type and scrambled it to make a type specimen book. It has survived not only five centurbut also survived but also the leap into electronic typesetting, remaining essentially unchanged. It was popularised in the 1960s with the releas survived not raseth leap into electronic typesetting, remaining essentially unchanged.<\/p><\/div>\r\n\t\t\t\t<\/div>\r\n\t\t\t<\/div>\r\n\t\t\t\t\t\t\t\t<div class=\"card\">\r\n\t\t\t\t<div class=\"card-header\">\r\n\t\t\t\t\t<a href=\"#\" class=\"collapsed\" data-toggle=\"collapse\" data-target=\"#u-0-43693200-1777643188\" aria-expanded=\"true\"> 4. Falar com o suporte<\/a>\r\n\t\t\t\t<\/div>\r\n\t\t\t\t<div id=\"u-0-43693200-1777643188\" class=\"collapse\" data-parent=\"#u-0-43596400-1777643188\">\r\n\t\t\t\t\t<div class=\"card-body\"><h4>How To Buy A Product?<\/h4><p>When an unknown printer took a galley of type and scrambled it to make a type specimen book. It has survived not only five centurbut also survived but also the leap into electronic typesetting, remaining essentially unchanged. It was popularised in the 1960s with the releas survived not raseth leap into electronic typesetting, remaining essentially unchanged.<\/p><h4>How To Get Product Support?<\/h4><p>When an unknown printer took a galley of type and scrambled it to make a type specimen book. It has survived not only five centurbut also survived but also the leap into electronic typesetting, remaining essentially unchanged. It was popularised in the 1960s with the releas survived not raseth leap into electronic typesetting, remaining essentially unchanged.<\/p><\/div>\r\n\t\t\t\t<\/div>\r\n\t\t\t<\/div>\r\n\t\t\t<\/div>\r\n<\/div>\t\t\t\t<\/div>\n\t\t\t\t<\/div>\n\t\t\t\t\t<\/div>\n\t\t<\/div>\n\t\t\t\t\t<\/div>\n\t\t<\/div>\n\t\t\t\t<\/div>\n\t\t","protected":false},"excerpt":{"rendered":"<p>Perguntas mais frequentes Maiores informa\u00e7\u00f5es sobre perguntas e d\u00favidas frequentes 1. Comprar um produto Como Comprar um Produto? 2. Vender um produto How To Buy A Product? When an unknown printer took a galley of type and scrambled it to make a type specimen book. It has survived not only five centurbut also survived but<\/p>\n","protected":false},"author":1,"featured_media":0,"parent":0,"menu_order":0,"comment_status":"closed","ping_status":"closed","template":"","meta":{"_monsterinsights_skip_tracking":false,"_monsterinsights_sitenote_active":false,"_monsterinsights_sitenote_note":"","_monsterinsights_sitenote_category":0,"_rtcl_gb_attr":"","footnotes":""},"class_list":["post-341","page","type-page","status-publish","hentry"],"aioseo_notices":[],"_links":{"self":[{"href":"https:\/\/webebx.com.br\/pt_br\/wp-json\/wp\/v2\/pages\/341","targetHints":{"allow":["GET"]}}],"collection":[{"href":"https:\/\/webebx.com.br\/pt_br\/wp-json\/wp\/v2\/pages"}],"about":[{"href":"https:\/\/webebx.com.br\/pt_br\/wp-json\/wp\/v2\/types\/page"}],"author":[{"embeddable":true,"href":"https:\/\/webebx.com.br\/pt_br\/wp-json\/wp\/v2\/users\/1"}],"replies":[{"embeddable":true,"href":"https:\/\/webebx.com.br\/pt_br\/wp-json\/wp\/v2\/comments?post=341"}],"version-history":[{"count":9,"href":"https:\/\/webebx.com.br\/pt_br\/wp-json\/wp\/v2\/pages\/341\/revisions"}],"predecessor-version":[{"id":3246,"href":"https:\/\/webebx.com.br\/pt_br\/wp-json\/wp\/v2\/pages\/341\/revisions\/3246"}],"wp:attachment":[{"href":"https:\/\/webebx.com.br\/pt_br\/wp-json\/wp\/v2\/media?parent=341"}],"curies":[{"name":"wp","href":"https:\/\/api.w.org\/{rel}","templated":true}]}}