{"id":3227,"date":"2025-05-09T16:45:36","date_gmt":"2025-05-09T16:45:36","guid":{"rendered":"https:\/\/webebx.com.br\/?page_id=3227"},"modified":"2025-05-09T16:49:15","modified_gmt":"2025-05-09T16:49:15","slug":"politica-e-privacidade","status":"publish","type":"page","link":"https:\/\/webebx.com.br\/pt_br\/politica-e-privacidade\/","title":{"rendered":"Politica e Privacidade"},"content":{"rendered":"\t\t<div data-elementor-type=\"wp-page\" data-elementor-id=\"3227\" class=\"elementor elementor-3227\">\n\t\t\t\t<div class=\"elementor-element elementor-element-2770f342 e-flex e-con-boxed e-con e-parent\" data-id=\"2770f342\" data-element_type=\"container\" data-e-type=\"container\">\n\t\t\t\t\t<div class=\"e-con-inner\">\n\t\t\t\t<div class=\"elementor-element elementor-element-8078e3d elementor-widget elementor-widget-text-editor\" data-id=\"8078e3d\" data-element_type=\"widget\" data-e-type=\"widget\" data-widget_type=\"text-editor.default\">\n\t\t\t\t<div class=\"elementor-widget-container\">\n\t\t\t\t\t\t\t\t\t<p><\/p>\n<p>Ol\u00e1! Que bom que voc\u00ea chegou at\u00e9 aqui. \u00c9 muito importante para n\u00f3s que os usu\u00e1rios da WEB EBX conhe\u00e7a a Politica e Privacidade, pois trazemos informa\u00e7\u00f5es necess\u00e1rias para que usu\u00e1rios do site, sejam compradores, vendedores ou anunciantes, tenham uma boa experi\u00eancia ao utilizar a plataforma da WEB EBX.&nbsp;<\/p><p>Usar o Site implica na compreens\u00e3o, aceita\u00e7\u00e3o e vincula\u00e7\u00e3o autom\u00e1tica a este P&amp;P. Se Voc\u00ea n\u00e3o concordar com quaisquer condi\u00e7\u00f5es previstas neste P&amp;P, poder\u00e1&nbsp;<\/p><p>deixar de utilizar o Site.<\/p><p><br><\/p>\n<p><\/p>\n<p>Todos os dados e meta dados s\u00e3o armazenados no servidor da plataforma protegidos com medidas de seguran\u00e7a adequadas e criptografadas.<\/p>\n<p><\/p>\n<p><\/p>\t\t\t\t\t\t\t\t<\/div>\n\t\t\t\t<\/div>\n\t\t\t\t\t<\/div>\n\t\t\t\t<\/div>\n\t\t\t\t<\/div>\n\t\t","protected":false},"excerpt":{"rendered":"<p>Ol\u00e1! Que bom que voc\u00ea chegou at\u00e9 aqui. \u00c9 muito importante para n\u00f3s que os usu\u00e1rios da WEB EBX conhe\u00e7a a Politica e Privacidade, pois trazemos informa\u00e7\u00f5es necess\u00e1rias para que usu\u00e1rios do site, sejam compradores, vendedores ou anunciantes, tenham uma boa experi\u00eancia ao utilizar a plataforma da WEB EBX.&nbsp; Usar o Site implica na compreens\u00e3o,<\/p>\n","protected":false},"author":1,"featured_media":0,"parent":0,"menu_order":0,"comment_status":"closed","ping_status":"closed","template":"","meta":{"_monsterinsights_skip_tracking":false,"_monsterinsights_sitenote_active":false,"_monsterinsights_sitenote_note":"","_monsterinsights_sitenote_category":0,"_rtcl_gb_attr":"","footnotes":""},"class_list":["post-3227","page","type-page","status-publish","hentry"],"aioseo_notices":[],"_links":{"self":[{"href":"https:\/\/webebx.com.br\/pt_br\/wp-json\/wp\/v2\/pages\/3227","targetHints":{"allow":["GET"]}}],"collection":[{"href":"https:\/\/webebx.com.br\/pt_br\/wp-json\/wp\/v2\/pages"}],"about":[{"href":"https:\/\/webebx.com.br\/pt_br\/wp-json\/wp\/v2\/types\/page"}],"author":[{"embeddable":true,"href":"https:\/\/webebx.com.br\/pt_br\/wp-json\/wp\/v2\/users\/1"}],"replies":[{"embeddable":true,"href":"https:\/\/webebx.com.br\/pt_br\/wp-json\/wp\/v2\/comments?post=3227"}],"version-history":[{"count":4,"href":"https:\/\/webebx.com.br\/pt_br\/wp-json\/wp\/v2\/pages\/3227\/revisions"}],"predecessor-version":[{"id":3232,"href":"https:\/\/webebx.com.br\/pt_br\/wp-json\/wp\/v2\/pages\/3227\/revisions\/3232"}],"wp:attachment":[{"href":"https:\/\/webebx.com.br\/pt_br\/wp-json\/wp\/v2\/media?parent=3227"}],"curies":[{"name":"wp","href":"https:\/\/api.w.org\/{rel}","templated":true}]}}